{"id":267,"date":"2024-07-14T20:55:41","date_gmt":"2024-07-14T18:55:41","guid":{"rendered":"https:\/\/silverhub.pl\/en\/?page_id=267"},"modified":"2025-01-29T20:09:13","modified_gmt":"2025-01-29T19:09:13","slug":"dla-sprzedazy","status":"publish","type":"page","link":"https:\/\/silverhub.pl\/pl\/sprzedaz\/dla-sprzedazy","title":{"rendered":"Dla sprzeda\u017cy"},"content":{"rendered":"\t\t<div data-elementor-type=\"wp-page\" data-elementor-id=\"267\" class=\"elementor elementor-267\">\n\t\t\t\t<div class=\"elementor-element elementor-element-30788ae e-flex e-con-boxed e-con e-parent\" data-id=\"30788ae\" data-element_type=\"container\" data-e-type=\"container\" data-settings=\"{&quot;background_background&quot;:&quot;classic&quot;}\">\n\t\t\t\t\t<div class=\"e-con-inner\">\n\t\t<div class=\"elementor-element elementor-element-2c8849c e-con-full e-flex e-con e-child\" data-id=\"2c8849c\" data-element_type=\"container\" data-e-type=\"container\">\n\t\t\t\t<div class=\"elementor-element elementor-element-f06988d elementor-widget elementor-widget-heading\" data-id=\"f06988d\" data-element_type=\"widget\" data-e-type=\"widget\" data-widget_type=\"heading.default\">\n\t\t\t\t<div class=\"elementor-widget-container\">\n\t\t\t\t\t<h2 class=\"elementor-heading-title elementor-size-default\">Szkolenia dla sprzeda\u017cy<\/h2>\t\t\t\t<\/div>\n\t\t\t\t<\/div>\n\t\t\t\t<div class=\"elementor-element elementor-element-612ae4d elementor-widget elementor-widget-heading\" data-id=\"612ae4d\" data-element_type=\"widget\" data-e-type=\"widget\" data-widget_type=\"heading.default\">\n\t\t\t\t<div class=\"elementor-widget-container\">\n\t\t\t\t\t<h2 class=\"elementor-heading-title elementor-size-default\">i customer service<\/h2>\t\t\t\t<\/div>\n\t\t\t\t<\/div>\n\t\t\t\t<\/div>\n\t\t\t\t\t<\/div>\n\t\t\t\t<\/div>\n\t\t<div class=\"elementor-element elementor-element-727815d e-flex e-con-boxed e-con e-parent\" data-id=\"727815d\" data-element_type=\"container\" data-e-type=\"container\">\n\t\t\t\t\t<div class=\"e-con-inner\">\n\t\t<div class=\"elementor-element elementor-element-5e203a9 e-con-full e-flex e-con e-child\" data-id=\"5e203a9\" data-element_type=\"container\" data-e-type=\"container\">\n\t\t\t\t<div class=\"elementor-element elementor-element-542e64a elementor-widget elementor-widget-heading\" data-id=\"542e64a\" data-element_type=\"widget\" data-e-type=\"widget\" data-widget_type=\"heading.default\">\n\t\t\t\t<div class=\"elementor-widget-container\">\n\t\t\t\t\t<h2 class=\"elementor-heading-title elementor-size-default\">Dla trener\u00f3w sprzeda\u017cy<\/h2>\t\t\t\t<\/div>\n\t\t\t\t<\/div>\n\t\t\t\t<div class=\"elementor-element elementor-element-bd06b2e elementor-widget elementor-widget-heading\" data-id=\"bd06b2e\" data-element_type=\"widget\" data-e-type=\"widget\" data-widget_type=\"heading.default\">\n\t\t\t\t<div class=\"elementor-widget-container\">\n\t\t\t\t\t<h2 class=\"elementor-heading-title elementor-size-default\">Zrozumie\u0107 dojrza\u0142ego klienta<\/h2>\t\t\t\t<\/div>\n\t\t\t\t<\/div>\n\t\t\t\t<\/div>\n\t\t<div class=\"elementor-element elementor-element-f1a3a7e e-con-full e-flex e-con e-child\" data-id=\"f1a3a7e\" data-element_type=\"container\" data-e-type=\"container\">\n\t\t\t\t<div class=\"elementor-element elementor-element-f70defc elementor-widget elementor-widget-button\" data-id=\"f70defc\" data-element_type=\"widget\" data-e-type=\"widget\" data-widget_type=\"button.default\">\n\t\t\t\t<div class=\"elementor-widget-container\">\n\t\t\t\t\t\t\t\t\t<div class=\"elementor-button-wrapper\">\n\t\t\t\t\t<a class=\"elementor-button elementor-button-link elementor-size-sm\" href=\"https:\/\/www.silverhub.pl\/pl\/kontakt\">\n\t\t\t\t\t\t<span class=\"elementor-button-content-wrapper\">\n\t\t\t\t\t\t\t\t\t<span class=\"elementor-button-text\">ZAPYTAJ O SZKOLENIE<\/span>\n\t\t\t\t\t<\/span>\n\t\t\t\t\t<\/a>\n\t\t\t\t<\/div>\n\t\t\t\t\t\t\t\t<\/div>\n\t\t\t\t<\/div>\n\t\t\t\t<\/div>\n\t\t\t\t\t<\/div>\n\t\t\t\t<\/div>\n\t\t<div class=\"elementor-element elementor-element-67aa35b e-flex e-con-boxed e-con e-parent\" data-id=\"67aa35b\" data-element_type=\"container\" data-e-type=\"container\">\n\t\t\t\t\t<div class=\"e-con-inner\">\n\t\t<div class=\"elementor-element elementor-element-2253e61 e-con-full e-flex e-con e-child\" data-id=\"2253e61\" data-element_type=\"container\" data-e-type=\"container\">\n\t\t\t\t<div class=\"elementor-element elementor-element-7f3f5ce elementor-widget elementor-widget-text-editor\" data-id=\"7f3f5ce\" data-element_type=\"widget\" data-e-type=\"widget\" data-widget_type=\"text-editor.default\">\n\t\t\t\t<div class=\"elementor-widget-container\">\n\t\t\t\t\t\t\t\t\t<p>Wiele firm zaczyna zauwa\u017ca\u0107, \u017ce ich pracownicy sprzeda\u017cy s\u0105 coraz m\u0142odsi, a klienci coraz starsi. To wyzwanie je\u015bli \u015brednia wieku Twoich klient\u00f3w ro\u015bnie albo chcesz zwi\u0119kszy\u0107 grup\u0119 klient\u00f3w o segment os\u00f3b dojrza\u0142ych. Warto przygotowa\u0107 si\u0119 strategicznie do obs\u0142ugi os\u00f3b dojrza\u0142ych.<\/p>\t\t\t\t\t\t\t\t<\/div>\n\t\t\t\t<\/div>\n\t\t\t\t<\/div>\n\t\t<div class=\"elementor-element elementor-element-66f40f0 e-con-full e-flex e-con e-child\" data-id=\"66f40f0\" data-element_type=\"container\" data-e-type=\"container\">\n\t\t\t\t<div class=\"elementor-element elementor-element-141c54d elementor-widget elementor-widget-text-editor\" data-id=\"141c54d\" data-element_type=\"widget\" data-e-type=\"widget\" data-widget_type=\"text-editor.default\">\n\t\t\t\t<div class=\"elementor-widget-container\">\n\t\t\t\t\t\t\t\t\t<p>RAMOWY PROGRAM:<\/p><ul><li>Jaki jest dojrza\u0142y klient? \u2013 stereotypy i rzeczywisto\u015b\u0107<\/li><li>Do\u015bwiadczenie podr\u00f3\u017cy wiekowej w kombinezonach geriatrycznych<\/li><li>Przychodzi dojrza\u0142y klient i\u2026? \u2013 z\u0142ote zasady srebrnej komunikacji<\/li><li>Jak mog\u0119 lepiej przygotowa\u0107 sw\u00f3j zesp\u00f3\u0142 do obs\u0142ugi dojrza\u0142ych klient\u00f3w?<\/li><li>Case study z prac audytowych programu OK Senior<\/li><\/ul>\t\t\t\t\t\t\t\t<\/div>\n\t\t\t\t<\/div>\n\t\t\t\t<\/div>\n\t\t\t\t\t<\/div>\n\t\t\t\t<\/div>\n\t\t<div class=\"elementor-element elementor-element-ce3c59e e-flex e-con-boxed e-con e-parent\" data-id=\"ce3c59e\" data-element_type=\"container\" data-e-type=\"container\" data-settings=\"{&quot;background_background&quot;:&quot;classic&quot;}\">\n\t\t\t\t\t<div class=\"e-con-inner\">\n\t\t<div class=\"elementor-element elementor-element-fe3b2d3 e-con-full e-flex e-con e-child\" data-id=\"fe3b2d3\" data-element_type=\"container\" data-e-type=\"container\">\n\t\t\t\t<div class=\"elementor-element elementor-element-57afc2c elementor-widget elementor-widget-heading\" data-id=\"57afc2c\" data-element_type=\"widget\" data-e-type=\"widget\" data-widget_type=\"heading.default\">\n\t\t\t\t<div class=\"elementor-widget-container\">\n\t\t\t\t\t<h2 class=\"elementor-heading-title elementor-size-default\">Dla pracownik\u00f3w obs\u0142ugi klienta<\/h2>\t\t\t\t<\/div>\n\t\t\t\t<\/div>\n\t\t\t\t<div class=\"elementor-element elementor-element-a301b61 elementor-widget elementor-widget-heading\" data-id=\"a301b61\" data-element_type=\"widget\" data-e-type=\"widget\" data-widget_type=\"heading.default\">\n\t\t\t\t<div class=\"elementor-widget-container\">\n\t\t\t\t\t<h2 class=\"elementor-heading-title elementor-size-default\">Obs\u0142uga dojrza\u0142ego klienta<\/h2>\t\t\t\t<\/div>\n\t\t\t\t<\/div>\n\t\t\t\t<\/div>\n\t\t<div class=\"elementor-element elementor-element-ffcb721 e-con-full e-flex e-con e-child\" data-id=\"ffcb721\" data-element_type=\"container\" data-e-type=\"container\">\n\t\t\t\t<div class=\"elementor-element elementor-element-b93c63c elementor-widget elementor-widget-button\" data-id=\"b93c63c\" data-element_type=\"widget\" data-e-type=\"widget\" data-widget_type=\"button.default\">\n\t\t\t\t<div class=\"elementor-widget-container\">\n\t\t\t\t\t\t\t\t\t<div class=\"elementor-button-wrapper\">\n\t\t\t\t\t<a class=\"elementor-button elementor-button-link elementor-size-sm\" href=\"https:\/\/www.silverhub.pl\/pl\/kontakt\">\n\t\t\t\t\t\t<span class=\"elementor-button-content-wrapper\">\n\t\t\t\t\t\t\t\t\t<span class=\"elementor-button-text\">ZAPYTAJ O SZKOLENIE<\/span>\n\t\t\t\t\t<\/span>\n\t\t\t\t\t<\/a>\n\t\t\t\t<\/div>\n\t\t\t\t\t\t\t\t<\/div>\n\t\t\t\t<\/div>\n\t\t\t\t<\/div>\n\t\t\t\t\t<\/div>\n\t\t\t\t<\/div>\n\t\t<div class=\"elementor-element elementor-element-eff2adc e-flex e-con-boxed e-con e-parent\" data-id=\"eff2adc\" data-element_type=\"container\" data-e-type=\"container\" data-settings=\"{&quot;background_background&quot;:&quot;classic&quot;}\">\n\t\t\t\t\t<div class=\"e-con-inner\">\n\t\t<div class=\"elementor-element elementor-element-dd24251 e-con-full e-flex e-con e-child\" data-id=\"dd24251\" data-element_type=\"container\" data-e-type=\"container\">\n\t\t\t\t<div class=\"elementor-element elementor-element-48ddd82 elementor-widget elementor-widget-text-editor\" data-id=\"48ddd82\" data-element_type=\"widget\" data-e-type=\"widget\" data-widget_type=\"text-editor.default\">\n\t\t\t\t<div class=\"elementor-widget-container\">\n\t\t\t\t\t\t\t\t\t<p><strong>Do\u015bwiadczenie kombinezon\u00f3w geriatrycznych<\/strong>\u00a0pozwala poczu\u0107 si\u0119 dok\u0142adnie tak, jak czuj\u0105 si\u0119 seniorzy. Kombinezon sk\u0142ada si\u0119 z wielu element\u00f3w, a ka\u017cdy z nich imituje dolegliwo\u015b\u0107, na kt\u00f3r\u0105 mog\u0105 cierpie\u0107 osoby starsze. To \u015bwietny poligon do\u015bwiadczalny w kontek\u015bcie starzenia si\u0119 \u015bwiata i pracy z coraz starszym klientem.<\/p>\t\t\t\t\t\t\t\t<\/div>\n\t\t\t\t<\/div>\n\t\t\t\t<\/div>\n\t\t<div class=\"elementor-element elementor-element-073163c e-con-full e-flex e-con e-child\" data-id=\"073163c\" data-element_type=\"container\" data-e-type=\"container\">\n\t\t\t\t<div class=\"elementor-element elementor-element-528e143 elementor-widget elementor-widget-text-editor\" data-id=\"528e143\" data-element_type=\"widget\" data-e-type=\"widget\" data-widget_type=\"text-editor.default\">\n\t\t\t\t<div class=\"elementor-widget-container\">\n\t\t\t\t\t\t\t\t\t<p>RAMOWY PROGRAM:<\/p><ul><li>Jaki jest dojrza\u0142y klient? \u2013 stereotypy i rzeczywisto\u015b\u0107<\/li><li>Do\u015bwiadczenie podr\u00f3\u017cy wiekowej w kombinezonach geriatrycznych<\/li><li>Przychodzi dojrza\u0142y klient i\u2026? \u2013 z\u0142ote zasady srebrnej komunikacji<\/li><li>Jak mog\u0119 lepiej reagowa\u0107 na potrzeby moich klient\u00f3w?<\/li><li>Case study z prac audytowych programu OK Senior<\/li><\/ul>\t\t\t\t\t\t\t\t<\/div>\n\t\t\t\t<\/div>\n\t\t\t\t<\/div>\n\t\t\t\t\t<\/div>\n\t\t\t\t<\/div>\n\t\t<div class=\"elementor-element elementor-element-8d902c7 e-flex e-con-boxed e-con e-parent\" data-id=\"8d902c7\" data-element_type=\"container\" data-e-type=\"container\">\n\t\t\t\t\t<div class=\"e-con-inner\">\n\t\t<div class=\"elementor-element elementor-element-aaaeb91 e-con-full e-flex e-con e-child\" data-id=\"aaaeb91\" data-element_type=\"container\" data-e-type=\"container\">\n\t\t\t\t<div class=\"elementor-element elementor-element-e68ec58 elementor-widget elementor-widget-heading\" data-id=\"e68ec58\" data-element_type=\"widget\" data-e-type=\"widget\" data-widget_type=\"heading.default\">\n\t\t\t\t<div class=\"elementor-widget-container\">\n\t\t\t\t\t<h2 class=\"elementor-heading-title elementor-size-default\">Dla dzia\u0142\u00f3w komunikacji<\/h2>\t\t\t\t<\/div>\n\t\t\t\t<\/div>\n\t\t\t\t<div class=\"elementor-element elementor-element-8c9e198 elementor-widget elementor-widget-heading\" data-id=\"8c9e198\" data-element_type=\"widget\" data-e-type=\"widget\" data-widget_type=\"heading.default\">\n\t\t\t\t<div class=\"elementor-widget-container\">\n\t\t\t\t\t<h2 class=\"elementor-heading-title elementor-size-default\">Czy ja Pana nie obra\u017cam? Jak budowa\u0107 komunikacj\u0119 dostosowan\u0105 do wieku<\/h2>\t\t\t\t<\/div>\n\t\t\t\t<\/div>\n\t\t\t\t<\/div>\n\t\t<div class=\"elementor-element elementor-element-7883602 e-con-full e-flex e-con e-child\" data-id=\"7883602\" data-element_type=\"container\" data-e-type=\"container\">\n\t\t\t\t<div class=\"elementor-element elementor-element-aae088b elementor-widget elementor-widget-button\" data-id=\"aae088b\" data-element_type=\"widget\" data-e-type=\"widget\" data-widget_type=\"button.default\">\n\t\t\t\t<div class=\"elementor-widget-container\">\n\t\t\t\t\t\t\t\t\t<div class=\"elementor-button-wrapper\">\n\t\t\t\t\t<a class=\"elementor-button elementor-button-link elementor-size-sm\" href=\"https:\/\/www.silverhub.pl\/pl\/kontakt\">\n\t\t\t\t\t\t<span class=\"elementor-button-content-wrapper\">\n\t\t\t\t\t\t\t\t\t<span class=\"elementor-button-text\">ZAPYTAJ O SZKOLENIE<\/span>\n\t\t\t\t\t<\/span>\n\t\t\t\t\t<\/a>\n\t\t\t\t<\/div>\n\t\t\t\t\t\t\t\t<\/div>\n\t\t\t\t<\/div>\n\t\t\t\t<\/div>\n\t\t\t\t\t<\/div>\n\t\t\t\t<\/div>\n\t\t<div class=\"elementor-element elementor-element-642b26d e-flex e-con-boxed e-con e-parent\" data-id=\"642b26d\" data-element_type=\"container\" data-e-type=\"container\">\n\t\t\t\t\t<div class=\"e-con-inner\">\n\t\t<div class=\"elementor-element elementor-element-c50a808 e-con-full e-flex e-con e-child\" data-id=\"c50a808\" data-element_type=\"container\" data-e-type=\"container\">\n\t\t\t\t<div class=\"elementor-element elementor-element-c512ecc elementor-widget elementor-widget-text-editor\" data-id=\"c512ecc\" data-element_type=\"widget\" data-e-type=\"widget\" data-widget_type=\"text-editor.default\">\n\t\t\t\t<div class=\"elementor-widget-container\">\n\t\t\t\t\t\t\t\t\t<p>Coraz bardziej zr\u00f3\u017cnicowane wiekowo \u015brodowisko pracy no\u017ce by\u0107 wyzwaniem dla os\u00f3b odpowiadaj\u0105cych za skuteczn\u0105 komunikacj\u0119, zar\u00f3wno wewn\u0119trzn\u0105 jak i zewn\u0119trzn\u0105. R\u00f3\u017cne grupy wiekowe to r\u00f3\u017cne potrzeby i r\u00f3\u017cne do\u015bwiadczenia w kontek\u015bcie komunikacji. Wa\u017cna jest forma, sam j\u0119zyk, ale r\u00f3wnie\u017c kontekst. Jak skutecznie dotrze\u0107 z nowym programem do dojrza\u0142ych pracownik\u00f3w? Jak zwi\u0119kszy\u0107 responsywno\u015b\u0107 najm\u0142odszych w zespole? My wiemy.<\/p>\t\t\t\t\t\t\t\t<\/div>\n\t\t\t\t<\/div>\n\t\t\t\t<\/div>\n\t\t<div class=\"elementor-element elementor-element-8bcfd71 e-con-full e-flex e-con e-child\" data-id=\"8bcfd71\" data-element_type=\"container\" data-e-type=\"container\">\n\t\t\t\t<div class=\"elementor-element elementor-element-aa69e3c elementor-widget elementor-widget-text-editor\" data-id=\"aa69e3c\" data-element_type=\"widget\" data-e-type=\"widget\" data-widget_type=\"text-editor.default\">\n\t\t\t\t<div class=\"elementor-widget-container\">\n\t\t\t\t\t\t\t\t\t<p>RAMOWY PROGRAM:<\/p><ul><li>Inkluzywny j\u0119zyk czyli jaki?<\/li><li>Wiek ma znaczenie \u2013 komunikacja w kontek\u015bcie r\u00f3\u017cnych pokole\u0144<\/li><li>Mikroagresje i nieporozumienia j\u0119zykowe \u2013 zwyk\u0142e s\u0142owa maj\u0105 niezwyk\u0142\u0105 moc<\/li><\/ul>\t\t\t\t\t\t\t\t<\/div>\n\t\t\t\t<\/div>\n\t\t\t\t<\/div>\n\t\t\t\t\t<\/div>\n\t\t\t\t<\/div>\n\t\t<div class=\"elementor-element elementor-element-af3a313 e-flex e-con-boxed e-con e-parent\" data-id=\"af3a313\" data-element_type=\"container\" data-e-type=\"container\" data-settings=\"{&quot;background_background&quot;:&quot;classic&quot;}\">\n\t\t\t\t\t<div class=\"e-con-inner\">\n\t\t<div class=\"elementor-element elementor-element-e88f815 e-con-full e-flex e-con e-child\" data-id=\"e88f815\" data-element_type=\"container\" data-e-type=\"container\">\n\t\t\t\t<div class=\"elementor-element elementor-element-cb07db1 elementor-widget elementor-widget-heading\" data-id=\"cb07db1\" data-element_type=\"widget\" data-e-type=\"widget\" data-widget_type=\"heading.default\">\n\t\t\t\t<div class=\"elementor-widget-container\">\n\t\t\t\t\t<h2 class=\"elementor-heading-title elementor-size-default\">Dla pracownik\u00f3w infolinii<\/h2>\t\t\t\t<\/div>\n\t\t\t\t<\/div>\n\t\t\t\t<div class=\"elementor-element elementor-element-ee3bcb9 elementor-widget elementor-widget-heading\" data-id=\"ee3bcb9\" data-element_type=\"widget\" data-e-type=\"widget\" data-widget_type=\"heading.default\">\n\t\t\t\t<div class=\"elementor-widget-container\">\n\t\t\t\t\t<h2 class=\"elementor-heading-title elementor-size-default\">Us\u0142ysze\u0107 dojrza\u0142ego klienta<\/h2>\t\t\t\t<\/div>\n\t\t\t\t<\/div>\n\t\t\t\t<\/div>\n\t\t<div class=\"elementor-element elementor-element-2002fa0 e-con-full e-flex e-con e-child\" data-id=\"2002fa0\" data-element_type=\"container\" data-e-type=\"container\">\n\t\t\t\t<div class=\"elementor-element elementor-element-9cd810a elementor-widget elementor-widget-button\" data-id=\"9cd810a\" data-element_type=\"widget\" data-e-type=\"widget\" data-widget_type=\"button.default\">\n\t\t\t\t<div class=\"elementor-widget-container\">\n\t\t\t\t\t\t\t\t\t<div class=\"elementor-button-wrapper\">\n\t\t\t\t\t<a class=\"elementor-button elementor-button-link elementor-size-sm\" href=\"https:\/\/www.silverhub.pl\/pl\/kontakt\">\n\t\t\t\t\t\t<span class=\"elementor-button-content-wrapper\">\n\t\t\t\t\t\t\t\t\t<span class=\"elementor-button-text\">ZAPYTAJ O SZKOLENIE<\/span>\n\t\t\t\t\t<\/span>\n\t\t\t\t\t<\/a>\n\t\t\t\t<\/div>\n\t\t\t\t\t\t\t\t<\/div>\n\t\t\t\t<\/div>\n\t\t\t\t<\/div>\n\t\t\t\t\t<\/div>\n\t\t\t\t<\/div>\n\t\t<div class=\"elementor-element elementor-element-f0d0328 e-flex e-con-boxed e-con e-parent\" data-id=\"f0d0328\" data-element_type=\"container\" data-e-type=\"container\" data-settings=\"{&quot;background_background&quot;:&quot;classic&quot;}\">\n\t\t\t\t\t<div class=\"e-con-inner\">\n\t\t<div class=\"elementor-element elementor-element-f568319 e-con-full e-flex e-con e-child\" data-id=\"f568319\" data-element_type=\"container\" data-e-type=\"container\">\n\t\t\t\t<div class=\"elementor-element elementor-element-aefd3d5 elementor-widget elementor-widget-text-editor\" data-id=\"aefd3d5\" data-element_type=\"widget\" data-e-type=\"widget\" data-widget_type=\"text-editor.default\">\n\t\t\t\t<div class=\"elementor-widget-container\">\n\t\t\t\t\t\t\t\t\t<p>Kurs zosta\u0142 stworzony specjalnie dla pracownik\u00f3w infolinii, kt\u00f3rzy chc\u0105 lepiej zrozumie\u0107 i obs\u0142u\u017cy\u0107 potrzeby starszych klient\u00f3w. Podczas szkolenia uczestnicy zdob\u0119d\u0105 niezb\u0119dn\u0105 wiedz\u0119 i umiej\u0119tno\u015bci, aby skutecznie komunikowa\u0107 si\u0119 z osobami starszymi, uwzgl\u0119dniaj\u0105c ich specyficzne preferencje i potrzeby.<\/p>\t\t\t\t\t\t\t\t<\/div>\n\t\t\t\t<\/div>\n\t\t\t\t<\/div>\n\t\t<div class=\"elementor-element elementor-element-5fcade0 e-con-full e-flex e-con e-child\" data-id=\"5fcade0\" data-element_type=\"container\" data-e-type=\"container\">\n\t\t\t\t<div class=\"elementor-element elementor-element-7989371 elementor-widget elementor-widget-text-editor\" data-id=\"7989371\" data-element_type=\"widget\" data-e-type=\"widget\" data-widget_type=\"text-editor.default\">\n\t\t\t\t<div class=\"elementor-widget-container\">\n\t\t\t\t\t\t\t\t\t<p>RAMOWY PROGRAM:<\/p><ul><li>Charakterystyczne cechy i potrzeby os\u00f3b dojrza\u0142ych w kontek\u015bcie korzystania z infolinii<\/li><li>Problemy i wyzwania, z jakimi mog\u0105 si\u0119 spotka\u0107 pracownicy infolinii podczas obs\u0142ugi dojrza\u0142ych klient\u00f3w<\/li><li>Klarowna komunikacja dostosowana do potrzeb i preferencji os\u00f3b starszych<\/li><li>Potencjalne bariery komunikacyjne zwi\u0105zane z wiekiem i sposoby radzenia sobie z nimi<\/li><li>Budowanie pozytywnych relacji z t\u0105 grup\u0105 klient\u00f3w<\/li><\/ul>\t\t\t\t\t\t\t\t<\/div>\n\t\t\t\t<\/div>\n\t\t\t\t<\/div>\n\t\t\t\t\t<\/div>\n\t\t\t\t<\/div>\n\t\t\t\t<\/div>\n\t\t","protected":false},"excerpt":{"rendered":"<p>Szkolenia dla sprzeda\u017cy i customer service Dla trener\u00f3w sprzeda\u017cy Zrozumie\u0107 dojrza\u0142ego klienta ZAPYTAJ O SZKOLENIE Wiele firm zaczyna zauwa\u017ca\u0107, \u017ce ich pracownicy sprzeda\u017cy s\u0105 coraz m\u0142odsi, a klienci coraz starsi. To wyzwanie je\u015bli \u015brednia wieku Twoich klient\u00f3w ro\u015bnie albo chcesz zwi\u0119kszy\u0107 grup\u0119 klient\u00f3w o segment os\u00f3b dojrza\u0142ych. Warto przygotowa\u0107 si\u0119 strategicznie do obs\u0142ugi os\u00f3b dojrza\u0142ych. &#8230; <a title=\"Dla sprzeda\u017cy\" class=\"read-more\" href=\"https:\/\/silverhub.pl\/pl\/sprzedaz\/dla-sprzedazy\" aria-label=\"Dowiedz si\u0119 wi\u0119cej o Dla sprzeda\u017cy\">Dowiedz si\u0119 wi\u0119cej<\/a><\/p>\n","protected":false},"author":1,"featured_media":0,"parent":190,"menu_order":0,"comment_status":"closed","ping_status":"closed","template":"elementor_header_footer","meta":{"footnotes":""},"class_list":["post-267","page","type-page","status-publish"],"yoast_head":"<!-- This site is optimized with the Yoast SEO plugin v27.0 - https:\/\/yoast.com\/product\/yoast-seo-wordpress\/ -->\n<title>Dla sprzeda\u017cy - SILVER HUB<\/title>\n<meta name=\"robots\" content=\"index, follow, max-snippet:-1, max-image-preview:large, max-video-preview:-1\" \/>\n<link rel=\"canonical\" href=\"https:\/\/silverhub.pl\/pl\/sprzedaz\/dla-sprzedazy\" \/>\n<meta property=\"og:locale\" content=\"pl_PL\" \/>\n<meta property=\"og:type\" content=\"article\" \/>\n<meta property=\"og:title\" content=\"Dla sprzeda\u017cy - SILVER HUB\" \/>\n<meta property=\"og:description\" content=\"Szkolenia dla sprzeda\u017cy i customer service Dla trener\u00f3w sprzeda\u017cy Zrozumie\u0107 dojrza\u0142ego klienta ZAPYTAJ O SZKOLENIE Wiele firm zaczyna zauwa\u017ca\u0107, \u017ce ich pracownicy sprzeda\u017cy s\u0105 coraz m\u0142odsi, a klienci coraz starsi. To wyzwanie je\u015bli \u015brednia wieku Twoich klient\u00f3w ro\u015bnie albo chcesz zwi\u0119kszy\u0107 grup\u0119 klient\u00f3w o segment os\u00f3b dojrza\u0142ych. Warto przygotowa\u0107 si\u0119 strategicznie do obs\u0142ugi os\u00f3b dojrza\u0142ych. ... Dowiedz si\u0119 wi\u0119cej\" \/>\n<meta property=\"og:url\" content=\"https:\/\/silverhub.pl\/pl\/sprzedaz\/dla-sprzedazy\" \/>\n<meta property=\"og:site_name\" content=\"SILVER HUB\" \/>\n<meta property=\"article:modified_time\" content=\"2025-01-29T19:09:13+00:00\" \/>\n<meta name=\"twitter:card\" content=\"summary_large_image\" \/>\n<meta name=\"twitter:label1\" content=\"Szacowany czas czytania\" \/>\n\t<meta name=\"twitter:data1\" content=\"3 minuty\" \/>\n<script type=\"application\/ld+json\" class=\"yoast-schema-graph\">{\"@context\":\"https:\/\/schema.org\",\"@graph\":[{\"@type\":\"WebPage\",\"@id\":\"https:\/\/silverhub.pl\/pl\/sprzedaz\/dla-sprzedazy\",\"url\":\"https:\/\/silverhub.pl\/pl\/sprzedaz\/dla-sprzedazy\",\"name\":\"Dla sprzeda\u017cy - SILVER HUB\",\"isPartOf\":{\"@id\":\"https:\/\/silverhub.pl\/pl\/#website\"},\"datePublished\":\"2024-07-14T18:55:41+00:00\",\"dateModified\":\"2025-01-29T19:09:13+00:00\",\"breadcrumb\":{\"@id\":\"https:\/\/silverhub.pl\/pl\/sprzedaz\/dla-sprzedazy#breadcrumb\"},\"inLanguage\":\"pl-PL\",\"potentialAction\":[{\"@type\":\"ReadAction\",\"target\":[\"https:\/\/silverhub.pl\/pl\/sprzedaz\/dla-sprzedazy\"]}]},{\"@type\":\"BreadcrumbList\",\"@id\":\"https:\/\/silverhub.pl\/pl\/sprzedaz\/dla-sprzedazy#breadcrumb\",\"itemListElement\":[{\"@type\":\"ListItem\",\"position\":1,\"name\":\"Strona g\u0142\u00f3wna\",\"item\":\"https:\/\/silverhub.pl\/pl\/\"},{\"@type\":\"ListItem\",\"position\":2,\"name\":\"Dla sprzeda\u017cy\",\"item\":\"https:\/\/silverhub.pl\/pl\/sprzedaz\"},{\"@type\":\"ListItem\",\"position\":3,\"name\":\"Dla sprzeda\u017cy\"}]},{\"@type\":\"WebSite\",\"@id\":\"https:\/\/silverhub.pl\/pl\/#website\",\"url\":\"https:\/\/silverhub.pl\/pl\/\",\"name\":\"SILVER HUB\",\"description\":\"Wspieramy biznes w starzej\u0105cym si\u0119 spo\u0142ecze\u0144stwie\",\"potentialAction\":[{\"@type\":\"SearchAction\",\"target\":{\"@type\":\"EntryPoint\",\"urlTemplate\":\"https:\/\/silverhub.pl\/pl\/?s={search_term_string}\"},\"query-input\":{\"@type\":\"PropertyValueSpecification\",\"valueRequired\":true,\"valueName\":\"search_term_string\"}}],\"inLanguage\":\"pl-PL\"}]}<\/script>\n<!-- \/ Yoast SEO plugin. -->","yoast_head_json":{"title":"Dla sprzeda\u017cy - SILVER HUB","robots":{"index":"index","follow":"follow","max-snippet":"max-snippet:-1","max-image-preview":"max-image-preview:large","max-video-preview":"max-video-preview:-1"},"canonical":"https:\/\/silverhub.pl\/pl\/sprzedaz\/dla-sprzedazy","og_locale":"pl_PL","og_type":"article","og_title":"Dla sprzeda\u017cy - SILVER HUB","og_description":"Szkolenia dla sprzeda\u017cy i customer service Dla trener\u00f3w sprzeda\u017cy Zrozumie\u0107 dojrza\u0142ego klienta ZAPYTAJ O SZKOLENIE Wiele firm zaczyna zauwa\u017ca\u0107, \u017ce ich pracownicy sprzeda\u017cy s\u0105 coraz m\u0142odsi, a klienci coraz starsi. To wyzwanie je\u015bli \u015brednia wieku Twoich klient\u00f3w ro\u015bnie albo chcesz zwi\u0119kszy\u0107 grup\u0119 klient\u00f3w o segment os\u00f3b dojrza\u0142ych. Warto przygotowa\u0107 si\u0119 strategicznie do obs\u0142ugi os\u00f3b dojrza\u0142ych. ... Dowiedz si\u0119 wi\u0119cej","og_url":"https:\/\/silverhub.pl\/pl\/sprzedaz\/dla-sprzedazy","og_site_name":"SILVER HUB","article_modified_time":"2025-01-29T19:09:13+00:00","twitter_card":"summary_large_image","twitter_misc":{"Szacowany czas czytania":"3 minuty"},"schema":{"@context":"https:\/\/schema.org","@graph":[{"@type":"WebPage","@id":"https:\/\/silverhub.pl\/pl\/sprzedaz\/dla-sprzedazy","url":"https:\/\/silverhub.pl\/pl\/sprzedaz\/dla-sprzedazy","name":"Dla sprzeda\u017cy - SILVER HUB","isPartOf":{"@id":"https:\/\/silverhub.pl\/pl\/#website"},"datePublished":"2024-07-14T18:55:41+00:00","dateModified":"2025-01-29T19:09:13+00:00","breadcrumb":{"@id":"https:\/\/silverhub.pl\/pl\/sprzedaz\/dla-sprzedazy#breadcrumb"},"inLanguage":"pl-PL","potentialAction":[{"@type":"ReadAction","target":["https:\/\/silverhub.pl\/pl\/sprzedaz\/dla-sprzedazy"]}]},{"@type":"BreadcrumbList","@id":"https:\/\/silverhub.pl\/pl\/sprzedaz\/dla-sprzedazy#breadcrumb","itemListElement":[{"@type":"ListItem","position":1,"name":"Strona g\u0142\u00f3wna","item":"https:\/\/silverhub.pl\/pl\/"},{"@type":"ListItem","position":2,"name":"Dla sprzeda\u017cy","item":"https:\/\/silverhub.pl\/pl\/sprzedaz"},{"@type":"ListItem","position":3,"name":"Dla sprzeda\u017cy"}]},{"@type":"WebSite","@id":"https:\/\/silverhub.pl\/pl\/#website","url":"https:\/\/silverhub.pl\/pl\/","name":"SILVER HUB","description":"Wspieramy biznes w starzej\u0105cym si\u0119 spo\u0142ecze\u0144stwie","potentialAction":[{"@type":"SearchAction","target":{"@type":"EntryPoint","urlTemplate":"https:\/\/silverhub.pl\/pl\/?s={search_term_string}"},"query-input":{"@type":"PropertyValueSpecification","valueRequired":true,"valueName":"search_term_string"}}],"inLanguage":"pl-PL"}]}},"_links":{"self":[{"href":"https:\/\/silverhub.pl\/pl\/wp-json\/wp\/v2\/pages\/267","targetHints":{"allow":["GET"]}}],"collection":[{"href":"https:\/\/silverhub.pl\/pl\/wp-json\/wp\/v2\/pages"}],"about":[{"href":"https:\/\/silverhub.pl\/pl\/wp-json\/wp\/v2\/types\/page"}],"author":[{"embeddable":true,"href":"https:\/\/silverhub.pl\/pl\/wp-json\/wp\/v2\/users\/1"}],"replies":[{"embeddable":true,"href":"https:\/\/silverhub.pl\/pl\/wp-json\/wp\/v2\/comments?post=267"}],"version-history":[{"count":7,"href":"https:\/\/silverhub.pl\/pl\/wp-json\/wp\/v2\/pages\/267\/revisions"}],"predecessor-version":[{"id":311,"href":"https:\/\/silverhub.pl\/pl\/wp-json\/wp\/v2\/pages\/267\/revisions\/311"}],"up":[{"embeddable":true,"href":"https:\/\/silverhub.pl\/pl\/wp-json\/wp\/v2\/pages\/190"}],"wp:attachment":[{"href":"https:\/\/silverhub.pl\/pl\/wp-json\/wp\/v2\/media?parent=267"}],"curies":[{"name":"wp","href":"https:\/\/api.w.org\/{rel}","templated":true}]}}